{"id":3071,"date":"2024-07-11T10:06:02","date_gmt":"2024-07-11T07:06:02","guid":{"rendered":"https:\/\/wamdev.turulvilla.ro\/istorie\/"},"modified":"2024-12-09T13:29:43","modified_gmt":"2024-12-09T11:29:43","slug":"istorie","status":"publish","type":"page","link":"https:\/\/wamdev.turulvilla.ro\/ro\/istorie\/","title":{"rendered":"Istorie"},"content":{"rendered":"\t\t<div data-elementor-type=\"wp-page\" data-elementor-id=\"3071\" class=\"elementor elementor-3071 elementor-416\" data-elementor-post-type=\"page\">\n\t\t\t\t<div class=\"elementor-element elementor-element-b793ade e-flex e-con-boxed e-con e-parent\" data-id=\"b793ade\" data-element_type=\"container\" data-e-type=\"container\" data-settings=\"{&quot;background_background&quot;:&quot;classic&quot;}\">\n\t\t\t\t\t<div class=\"e-con-inner\">\n\t\t\t\t<div class=\"elementor-element elementor-element-7a0880b elementor-widget__width-auto elementor-invisible elementor-widget elementor-widget-heading\" data-id=\"7a0880b\" data-element_type=\"widget\" data-e-type=\"widget\" data-settings=\"{&quot;_animation&quot;:&quot;fadeInLeft&quot;}\" data-widget_type=\"heading.default\">\n\t\t\t\t<div class=\"elementor-widget-container\">\n\t\t\t\t\t<h2 class=\"elementor-heading-title elementor-size-default\">Istorie<\/h2>\t\t\t\t<\/div>\n\t\t\t\t<\/div>\n\t\t\t\t\t<\/div>\n\t\t\t\t<\/div>\n\t\t<div class=\"elementor-element elementor-element-9ec820e e-flex e-con-boxed e-con e-parent\" data-id=\"9ec820e\" data-element_type=\"container\" data-e-type=\"container\" data-settings=\"{&quot;background_background&quot;:&quot;gradient&quot;}\">\n\t\t\t\t\t<div class=\"e-con-inner\">\n\t\t<div class=\"elementor-element elementor-element-b3d038a e-con-full e-flex e-con e-child\" data-id=\"b3d038a\" data-element_type=\"container\" data-e-type=\"container\">\n\t\t\t\t<div class=\"elementor-element elementor-element-23210ac elementor-widget__width-initial elementor-absolute elementor-invisible elementor-widget elementor-widget-image\" data-id=\"23210ac\" data-element_type=\"widget\" data-e-type=\"widget\" data-settings=\"{&quot;_position&quot;:&quot;absolute&quot;,&quot;_animation&quot;:&quot;slideInUp&quot;}\" data-widget_type=\"image.default\">\n\t\t\t\t<div class=\"elementor-widget-container\">\n\t\t\t\t\t\t\t\t\t\t\t\t\t\t\t<img fetchpriority=\"high\" decoding=\"async\" width=\"800\" height=\"550\" src=\"https:\/\/wamdev.turulvilla.ro\/wp-content\/uploads\/2024\/07\/tortenet-5-e1721823721969.webp\" class=\"attachment-full size-full wp-image-2296\" alt=\"\" \/>\t\t\t\t\t\t\t\t\t\t\t\t\t\t\t<\/div>\n\t\t\t\t<\/div>\n\t\t\t\t<div class=\"elementor-element elementor-element-050fc94 elementor-widget elementor-widget-image\" data-id=\"050fc94\" data-element_type=\"widget\" data-e-type=\"widget\" data-widget_type=\"image.default\">\n\t\t\t\t<div class=\"elementor-widget-container\">\n\t\t\t\t\t\t\t\t\t\t\t\t\t\t\t<img decoding=\"async\" width=\"800\" height=\"550\" src=\"https:\/\/wamdev.turulvilla.ro\/wp-content\/uploads\/2024\/07\/tortenet4.webp\" class=\"attachment-full size-full wp-image-2293\" alt=\"\" srcset=\"https:\/\/wamdev.turulvilla.ro\/wp-content\/uploads\/2024\/07\/tortenet4.webp 800w, https:\/\/wamdev.turulvilla.ro\/wp-content\/uploads\/2024\/07\/tortenet4-300x206.webp 300w, https:\/\/wamdev.turulvilla.ro\/wp-content\/uploads\/2024\/07\/tortenet4-768x528.webp 768w\" sizes=\"(max-width: 800px) 100vw, 800px\" \/>\t\t\t\t\t\t\t\t\t\t\t\t\t\t\t<\/div>\n\t\t\t\t<\/div>\n\t\t\t\t<\/div>\n\t\t<div class=\"elementor-element elementor-element-e8ec2f6 e-con-full e-flex e-con e-child\" data-id=\"e8ec2f6\" data-element_type=\"container\" data-e-type=\"container\">\n\t\t\t\t<div class=\"elementor-element elementor-element-007c25d elementor-widget elementor-widget-heading\" data-id=\"007c25d\" data-element_type=\"widget\" data-e-type=\"widget\" data-widget_type=\"heading.default\">\n\t\t\t\t<div class=\"elementor-widget-container\">\n\t\t\t\t\t<h2 class=\"elementor-heading-title elementor-size-default\">Turul Villa<\/h2>\t\t\t\t<\/div>\n\t\t\t\t<\/div>\n\t\t\t\t<div class=\"elementor-element elementor-element-0a8789c elementor-widget elementor-widget-heading\" data-id=\"0a8789c\" data-element_type=\"widget\" data-e-type=\"widget\" data-widget_type=\"heading.default\">\n\t\t\t\t<div class=\"elementor-widget-container\">\n\t\t\t\t\t<h2 class=\"elementor-heading-title elementor-size-default\">Istoria cl\u0103dirii<\/h2>\t\t\t\t<\/div>\n\t\t\t\t<\/div>\n\t\t\t\t<div class=\"elementor-element elementor-element-2f0d024 elementor-drop-cap-yes elementor-drop-cap-view-default elementor-widget elementor-widget-text-editor\" data-id=\"2f0d024\" data-element_type=\"widget\" data-e-type=\"widget\" data-settings=\"{&quot;drop_cap&quot;:&quot;yes&quot;}\" data-widget_type=\"text-editor.default\">\n\t\t\t\t<div class=\"elementor-widget-container\">\n\t\t\t\t\t\t\t\t\t<p>La \u00eenceputul secolului al XIX-lea, cele mai frumoase vile private din sta\u021biunea balnear\u0103 Sovata au fost construite pe locul v\u0103ii secate a P\u00e2r\u00e2ului de Aur, l\u00e2ng\u0103 Lacul Ursu, pe actuala Strada Trandafirilor.<br \/>Vila Dessewffy, una dintre cl\u0103dirile care au dominat peisajul din Sovata, a fost construit\u0103 \u00een anul 1906 \u00een stilul romantic maghiar, cu o structur\u0103 din zid\u0103rie \u0219i tavane din lemn.<br \/>Primul proprietar \u0219i constructorul vilei a fost Aristid Dessewffy.<br \/>Dup\u0103 1930, imobilul a devenit proprietatea lui Albert Klein, un profesor din Sibiu, \u00een 1947 a fost na\u021bionalizat \u0219i a fost restituit abia la \u00eenceputul anilor 1990. Familia Klein a modificat cl\u0103direa de mai multe ori. Cl\u0103direa a fost folosit\u0103 ca pensiune timp de decenii.<br \/>\u00cen prim\u0103vara anului 2018, o familie maghiar\u0103 a cump\u0103rat proprietatea, care se afla \u00eentr-o stare de degradare la acel moment.<br \/>\u00cen toamna anului 2021 a \u00eenceput renovarea \u0219i modernizarea vilei \u0219i a \u00eemprejurimilor sale, \u00een spiritul conserv\u0103rii \u0219i \u00een conformitate cu cerin\u021bele moderne.<br \/>Deschis\u0103 \u00een august 2024 cu denumirea de VILA TURUL, unitatea de cazare de 4 stele, renovat\u0103 remarcabil \u0219i mobilat\u0103 elegant, cu 7 camere \u0219i 7 apartamente, poate oferi un sejur pl\u0103cut pentru un num\u0103r total de 40 de persoane \u0219i \u00ee\u0219i a\u0219teapt\u0103 cu drag oaspe\u021bii.   <\/p>\n\t\t\t\t\t\t\t\t<\/div>\n\t\t\t\t<\/div>\n\t\t\t\t<\/div>\n\t\t\t\t\t<\/div>\n\t\t\t\t<\/div>\n\t\t<div class=\"elementor-element elementor-element-1841d55 e-flex e-con-boxed e-con e-parent\" data-id=\"1841d55\" data-element_type=\"container\" data-e-type=\"container\">\n\t\t\t\t\t<div class=\"e-con-inner\">\n\t\t<div class=\"elementor-element elementor-element-701ea2b e-con-full e-flex e-con e-child\" data-id=\"701ea2b\" data-element_type=\"container\" data-e-type=\"container\">\n\t\t\t\t<div class=\"elementor-element elementor-element-37b6b8b elementor-widget elementor-widget-heading\" data-id=\"37b6b8b\" data-element_type=\"widget\" data-e-type=\"widget\" data-widget_type=\"heading.default\">\n\t\t\t\t<div class=\"elementor-widget-container\">\n\t\t\t\t\t<h2 class=\"elementor-heading-title elementor-size-default\">Serviciile noastre<\/h2>\t\t\t\t<\/div>\n\t\t\t\t<\/div>\n\t\t\t\t<div class=\"elementor-element elementor-element-3ea6ccf elementor-widget elementor-widget-heading\" data-id=\"3ea6ccf\" data-element_type=\"widget\" data-e-type=\"widget\" data-widget_type=\"heading.default\">\n\t\t\t\t<div class=\"elementor-widget-container\">\n\t\t\t\t\t<h2 class=\"elementor-heading-title elementor-size-default\">Confort \u0219i relaxare<\/h2>\t\t\t\t<\/div>\n\t\t\t\t<\/div>\n\t\t\t\t<div class=\"elementor-element elementor-element-ca18558 elementor-widget__width-initial elementor-widget elementor-widget-text-editor\" data-id=\"ca18558\" data-element_type=\"widget\" data-e-type=\"widget\" data-widget_type=\"text-editor.default\">\n\t\t\t\t<div class=\"elementor-widget-container\">\n\t\t\t\t\t\t\t\t\t<p>Gama noastr\u0103 larg\u0103 de servicii garanteaz\u0103 c\u0103 to\u021bi oaspe\u021bii no\u0219tri vor g\u0103si cea mai potrivit\u0103 form\u0103 de relaxare. Descoperi\u021bi al\u0103turi de noi aromele bogate ale micului dejun, bucura\u021bi-v\u0103 de relaxarea \u00een jacuzzi \u0219i sauna cu infraro\u0219u \u0219i relaxa\u021bi-v\u0103 pe terasa pentru plaj\u0103. Punem la dispozi\u021bie parcare gratuit\u0103 \u0219i un loc de joac\u0103 pentru copii.<\/p>\n\t\t\t\t\t\t\t\t<\/div>\n\t\t\t\t<\/div>\n\t\t\t\t<div class=\"elementor-element elementor-element-2de53fb elementor-widget-divider--view-line_icon elementor-view-default elementor-widget-divider--element-align-center elementor-widget elementor-widget-divider\" data-id=\"2de53fb\" data-element_type=\"widget\" data-e-type=\"widget\" data-widget_type=\"divider.default\">\n\t\t\t\t<div class=\"elementor-widget-container\">\n\t\t\t\t\t\t\t<div class=\"elementor-divider\">\n\t\t\t<span class=\"elementor-divider-separator\">\n\t\t\t\t\t\t\t<div class=\"elementor-icon elementor-divider__element\">\n\t\t\t\t\t<i aria-hidden=\"true\" class=\"icon icon-flower\"><\/i><\/div>\n\t\t\t\t\t\t<\/span>\n\t\t<\/div>\n\t\t\t\t\t\t<\/div>\n\t\t\t\t<\/div>\n\t\t<div class=\"elementor-element elementor-element-a018fc1 e-con-full e-flex e-con e-child\" data-id=\"a018fc1\" data-element_type=\"container\" data-e-type=\"container\">\n\t\t\t\t<div class=\"elementor-element elementor-element-b4d9e95 elementor-position-top elementor-widget elementor-widget-image-box\" data-id=\"b4d9e95\" data-element_type=\"widget\" data-e-type=\"widget\" data-widget_type=\"image-box.default\">\n\t\t\t\t<div class=\"elementor-widget-container\">\n\t\t\t\t\t<div class=\"elementor-image-box-wrapper\"><figure class=\"elementor-image-box-img\"><img decoding=\"async\" width=\"256\" height=\"256\" src=\"https:\/\/wamdev.turulvilla.ro\/wp-content\/uploads\/2024\/07\/jacuzzi.png\" class=\"elementor-animation-float attachment-full size-full wp-image-213\" alt=\"\" srcset=\"https:\/\/wamdev.turulvilla.ro\/wp-content\/uploads\/2024\/07\/jacuzzi.png 256w, https:\/\/wamdev.turulvilla.ro\/wp-content\/uploads\/2024\/07\/jacuzzi-150x150.png 150w\" sizes=\"(max-width: 256px) 100vw, 256px\" \/><\/figure><div class=\"elementor-image-box-content\"><h3 class=\"elementor-image-box-title\">Jacuzzi<\/h3><p class=\"elementor-image-box-description\">Utilizarea SPA este op\u021bional\u0103 +50 RON \/ persoan\u0103 \/ zi.<br>Relaxa\u021bi-v\u0103 \u0219i bucura\u021bi-v\u0103 de o experien\u021b\u0103 de r\u0103sf\u0103\u021b \u00een jacuzzi-ul nostru, unde v\u0103 a\u0219teapt\u0103 o relaxare perfect\u0103.<\/p><\/div><\/div>\t\t\t\t<\/div>\n\t\t\t\t<\/div>\n\t\t\t\t<div class=\"elementor-element elementor-element-4873dec elementor-position-top elementor-widget elementor-widget-image-box\" data-id=\"4873dec\" data-element_type=\"widget\" data-e-type=\"widget\" data-widget_type=\"image-box.default\">\n\t\t\t\t<div class=\"elementor-widget-container\">\n\t\t\t\t\t<div class=\"elementor-image-box-wrapper\"><figure class=\"elementor-image-box-img\"><img loading=\"lazy\" decoding=\"async\" width=\"256\" height=\"256\" src=\"https:\/\/wamdev.turulvilla.ro\/wp-content\/uploads\/2024\/07\/sauna.png\" class=\"elementor-animation-float attachment-full size-full wp-image-214\" alt=\"\" srcset=\"https:\/\/wamdev.turulvilla.ro\/wp-content\/uploads\/2024\/07\/sauna.png 256w, https:\/\/wamdev.turulvilla.ro\/wp-content\/uploads\/2024\/07\/sauna-150x150.png 150w\" sizes=\"(max-width: 256px) 100vw, 256px\" \/><\/figure><div class=\"elementor-image-box-content\"><h3 class=\"elementor-image-box-title\">Saun\u0103 cu infraro\u0219u<\/h3><p class=\"elementor-image-box-description\">Utilizarea SPA este op\u021bional\u0103 +50 RON \/ persoan\u0103 \/ zi.<br>Sauna noastr\u0103 cu infraro\u0219u ofer\u0103 relaxare profund\u0103 \u0219i revigorare, este locul ideal pentru regenerarea trupului \u0219i a sufletului.<\/p><\/div><\/div>\t\t\t\t<\/div>\n\t\t\t\t<\/div>\n\t\t\t\t<div class=\"elementor-element elementor-element-c6faa87 elementor-position-top elementor-widget elementor-widget-image-box\" data-id=\"c6faa87\" data-element_type=\"widget\" data-e-type=\"widget\" data-widget_type=\"image-box.default\">\n\t\t\t\t<div class=\"elementor-widget-container\">\n\t\t\t\t\t<div class=\"elementor-image-box-wrapper\"><figure class=\"elementor-image-box-img\"><img loading=\"lazy\" decoding=\"async\" width=\"256\" height=\"256\" src=\"https:\/\/wamdev.turulvilla.ro\/wp-content\/uploads\/2024\/07\/playground.png\" class=\"elementor-animation-float attachment-full size-full wp-image-215\" alt=\"\" srcset=\"https:\/\/wamdev.turulvilla.ro\/wp-content\/uploads\/2024\/07\/playground.png 256w, https:\/\/wamdev.turulvilla.ro\/wp-content\/uploads\/2024\/07\/playground-150x150.png 150w\" sizes=\"(max-width: 256px) 100vw, 256px\" \/><\/figure><div class=\"elementor-image-box-content\"><h3 class=\"elementor-image-box-title\">Locul de joac\u0103<\/h3><p class=\"elementor-image-box-description\">\u00ceN CUR\u00c2ND<br>Oferim distrac\u021bie pentru cei mici la locul nostru de joac\u0103, unde pot petrece momente de neuitat.<\/p><\/div><\/div>\t\t\t\t<\/div>\n\t\t\t\t<\/div>\n\t\t\t\t<div class=\"elementor-element elementor-element-0487631 elementor-position-top elementor-widget elementor-widget-image-box\" data-id=\"0487631\" data-element_type=\"widget\" data-e-type=\"widget\" data-widget_type=\"image-box.default\">\n\t\t\t\t<div class=\"elementor-widget-container\">\n\t\t\t\t\t<div class=\"elementor-image-box-wrapper\"><figure class=\"elementor-image-box-img\"><img loading=\"lazy\" decoding=\"async\" width=\"256\" height=\"256\" src=\"https:\/\/wamdev.turulvilla.ro\/wp-content\/uploads\/2024\/07\/table.png\" class=\"elementor-animation-float attachment-full size-full wp-image-216\" alt=\"\" srcset=\"https:\/\/wamdev.turulvilla.ro\/wp-content\/uploads\/2024\/07\/table.png 256w, https:\/\/wamdev.turulvilla.ro\/wp-content\/uploads\/2024\/07\/table-150x150.png 150w\" sizes=\"(max-width: 256px) 100vw, 256px\" \/><\/figure><div class=\"elementor-image-box-content\"><h3 class=\"elementor-image-box-title\">Teras\u0103 pentru plaj\u0103<\/h3><p class=\"elementor-image-box-description\">Bucura\u021bi-v\u0103 de lini\u0219te \u0219i de priveli\u0219tile frumoase de pe terasa noastr\u0103 de plaj\u0103, unde pute\u021bi beneficia de odihna perfect\u0103.<\/p><\/div><\/div>\t\t\t\t<\/div>\n\t\t\t\t<\/div>\n\t\t\t\t<\/div>\n\t\t\t\t<\/div>\n\t\t\t\t\t<\/div>\n\t\t\t\t<\/div>\n\t\t<div class=\"elementor-element elementor-element-1b1ec7d animated-fast e-flex e-con-boxed elementor-invisible e-con e-parent\" data-id=\"1b1ec7d\" data-element_type=\"container\" data-e-type=\"container\" data-settings=\"{&quot;background_background&quot;:&quot;classic&quot;,&quot;animation&quot;:&quot;slideInUp&quot;}\">\n\t\t\t\t\t<div class=\"e-con-inner\">\n\t\t\t\t<div class=\"elementor-element elementor-element-f7dbb97 elementor-widget__width-initial elementor-widget-tablet__width-initial elementor-widget elementor-widget-image\" data-id=\"f7dbb97\" data-element_type=\"widget\" data-e-type=\"widget\" data-widget_type=\"image.default\">\n\t\t\t\t<div class=\"elementor-widget-container\">\n\t\t\t\t\t\t\t\t\t\t\t\t\t\t\t<img loading=\"lazy\" decoding=\"async\" width=\"1080\" height=\"720\" src=\"https:\/\/wamdev.turulvilla.ro\/wp-content\/uploads\/2024\/07\/tortenet7.webp\" class=\"attachment-full size-full wp-image-2315\" alt=\"\" srcset=\"https:\/\/wamdev.turulvilla.ro\/wp-content\/uploads\/2024\/07\/tortenet7.webp 1080w, https:\/\/wamdev.turulvilla.ro\/wp-content\/uploads\/2024\/07\/tortenet7-300x200.webp 300w, https:\/\/wamdev.turulvilla.ro\/wp-content\/uploads\/2024\/07\/tortenet7-1024x683.webp 1024w, https:\/\/wamdev.turulvilla.ro\/wp-content\/uploads\/2024\/07\/tortenet7-768x512.webp 768w\" sizes=\"(max-width: 1080px) 100vw, 1080px\" \/>\t\t\t\t\t\t\t\t\t\t\t\t\t\t\t<\/div>\n\t\t\t\t<\/div>\n\t\t<div class=\"elementor-element elementor-element-47ad22a e-con-full e-flex e-con e-child\" data-id=\"47ad22a\" data-element_type=\"container\" data-e-type=\"container\">\n\t\t\t\t<div class=\"elementor-element elementor-element-5dcc7fa elementor-widget elementor-widget-heading\" data-id=\"5dcc7fa\" data-element_type=\"widget\" data-e-type=\"widget\" data-widget_type=\"heading.default\">\n\t\t\t\t<div class=\"elementor-widget-container\">\n\t\t\t\t\t<h2 class=\"elementor-heading-title elementor-size-default\">Experimenta\u021bi personal ospitalitatea de la Vila Turul!<\/h2>\t\t\t\t<\/div>\n\t\t\t\t<\/div>\n\t\t\t\t<div class=\"elementor-element elementor-element-ccc44eb elementor-widget elementor-widget-text-editor\" data-id=\"ccc44eb\" data-element_type=\"widget\" data-e-type=\"widget\" data-widget_type=\"text-editor.default\">\n\t\t\t\t<div class=\"elementor-widget-container\">\n\t\t\t\t\t\t\t\t\t<p>Relaxa\u021bi-v\u0103 \u00eentr-un loc cu adev\u0103rat special \u2013 le ur\u0103m bun venit tuturor oaspe\u021bilor no\u0219tri! Rezerva\u021bi acum \u0219i bucura\u021bi-v\u0103 de serviciile noastre excep\u021bionale. <\/p>\n\t\t\t\t\t\t\t\t<\/div>\n\t\t\t\t<\/div>\n\t\t<div class=\"elementor-element elementor-element-1709790 e-con-full e-flex e-con e-child\" data-id=\"1709790\" data-element_type=\"container\" data-e-type=\"container\">\n\t\t<div class=\"elementor-element elementor-element-e905266 e-con-full e-flex e-con e-child\" data-id=\"e905266\" data-element_type=\"container\" data-e-type=\"container\">\n\t\t\t\t<div class=\"elementor-element elementor-element-40be6d7 elementor-icon-list--layout-traditional elementor-list-item-link-full_width elementor-widget elementor-widget-icon-list\" data-id=\"40be6d7\" data-element_type=\"widget\" data-e-type=\"widget\" data-widget_type=\"icon-list.default\">\n\t\t\t\t<div class=\"elementor-widget-container\">\n\t\t\t\t\t\t\t<ul class=\"elementor-icon-list-items\">\n\t\t\t\t\t\t\t<li class=\"elementor-icon-list-item\">\n\t\t\t\t\t\t\t\t\t\t\t<a href=\"tel:0040365082041\">\n\n\t\t\t\t\t\t\t\t\t\t\t\t<span class=\"elementor-icon-list-icon\">\n\t\t\t\t\t\t\t<svg aria-hidden=\"true\" class=\"e-font-icon-svg e-fab-whatsapp\" viewBox=\"0 0 448 512\" xmlns=\"http:\/\/www.w3.org\/2000\/svg\"><path d=\"M380.9 97.1C339 55.1 283.2 32 223.9 32c-122.4 0-222 99.6-222 222 0 39.1 10.2 77.3 29.6 111L0 480l117.7-30.9c32.4 17.7 68.9 27 106.1 27h.1c122.3 0 224.1-99.6 224.1-222 0-59.3-25.2-115-67.1-157zm-157 341.6c-33.2 0-65.7-8.9-94-25.7l-6.7-4-69.8 18.3L72 359.2l-4.4-7c-18.5-29.4-28.2-63.3-28.2-98.2 0-101.7 82.8-184.5 184.6-184.5 49.3 0 95.6 19.2 130.4 54.1 34.8 34.9 56.2 81.2 56.1 130.5 0 101.8-84.9 184.6-186.6 184.6zm101.2-138.2c-5.5-2.8-32.8-16.2-37.9-18-5.1-1.9-8.8-2.8-12.5 2.8-3.7 5.6-14.3 18-17.6 21.8-3.2 3.7-6.5 4.2-12 1.4-32.6-16.3-54-29.1-75.5-66-5.7-9.8 5.7-9.1 16.3-30.3 1.8-3.7.9-6.9-.5-9.7-1.4-2.8-12.5-30.1-17.1-41.2-4.5-10.8-9.1-9.3-12.5-9.5-3.2-.2-6.9-.2-10.6-.2-3.7 0-9.7 1.4-14.8 6.9-5.1 5.6-19.4 19-19.4 46.3 0 27.3 19.9 53.7 22.6 57.4 2.8 3.7 39.1 59.7 94.8 83.8 35.2 15.2 49 16.5 66.6 13.9 10.7-1.6 32.8-13.4 37.4-26.4 4.6-13 4.6-24.1 3.2-26.4-1.3-2.5-5-3.9-10.5-6.6z\"><\/path><\/svg>\t\t\t\t\t\t<\/span>\n\t\t\t\t\t\t\t\t\t\t<span class=\"elementor-icon-list-text\">+40 (365) 082-041<\/span>\n\t\t\t\t\t\t\t\t\t\t\t<\/a>\n\t\t\t\t\t\t\t\t\t<\/li>\n\t\t\t\t\t\t\t\t<li class=\"elementor-icon-list-item\">\n\t\t\t\t\t\t\t\t\t\t\t<a href=\"tel:0040744304473\">\n\n\t\t\t\t\t\t\t\t\t\t\t\t<span class=\"elementor-icon-list-icon\">\n\t\t\t\t\t\t\t<svg aria-hidden=\"true\" class=\"e-font-icon-svg e-fab-whatsapp\" viewBox=\"0 0 448 512\" xmlns=\"http:\/\/www.w3.org\/2000\/svg\"><path d=\"M380.9 97.1C339 55.1 283.2 32 223.9 32c-122.4 0-222 99.6-222 222 0 39.1 10.2 77.3 29.6 111L0 480l117.7-30.9c32.4 17.7 68.9 27 106.1 27h.1c122.3 0 224.1-99.6 224.1-222 0-59.3-25.2-115-67.1-157zm-157 341.6c-33.2 0-65.7-8.9-94-25.7l-6.7-4-69.8 18.3L72 359.2l-4.4-7c-18.5-29.4-28.2-63.3-28.2-98.2 0-101.7 82.8-184.5 184.6-184.5 49.3 0 95.6 19.2 130.4 54.1 34.8 34.9 56.2 81.2 56.1 130.5 0 101.8-84.9 184.6-186.6 184.6zm101.2-138.2c-5.5-2.8-32.8-16.2-37.9-18-5.1-1.9-8.8-2.8-12.5 2.8-3.7 5.6-14.3 18-17.6 21.8-3.2 3.7-6.5 4.2-12 1.4-32.6-16.3-54-29.1-75.5-66-5.7-9.8 5.7-9.1 16.3-30.3 1.8-3.7.9-6.9-.5-9.7-1.4-2.8-12.5-30.1-17.1-41.2-4.5-10.8-9.1-9.3-12.5-9.5-3.2-.2-6.9-.2-10.6-.2-3.7 0-9.7 1.4-14.8 6.9-5.1 5.6-19.4 19-19.4 46.3 0 27.3 19.9 53.7 22.6 57.4 2.8 3.7 39.1 59.7 94.8 83.8 35.2 15.2 49 16.5 66.6 13.9 10.7-1.6 32.8-13.4 37.4-26.4 4.6-13 4.6-24.1 3.2-26.4-1.3-2.5-5-3.9-10.5-6.6z\"><\/path><\/svg>\t\t\t\t\t\t<\/span>\n\t\t\t\t\t\t\t\t\t\t<span class=\"elementor-icon-list-text\">+40 744 304 473<\/span>\n\t\t\t\t\t\t\t\t\t\t\t<\/a>\n\t\t\t\t\t\t\t\t\t<\/li>\n\t\t\t\t\t\t\t\t<li class=\"elementor-icon-list-item\">\n\t\t\t\t\t\t\t\t\t\t\t<a href=\"mailto:info@turulvilla.ro\">\n\n\t\t\t\t\t\t\t\t\t\t\t\t<span class=\"elementor-icon-list-icon\">\n\t\t\t\t\t\t\t<svg aria-hidden=\"true\" class=\"e-font-icon-svg e-far-envelope\" viewBox=\"0 0 512 512\" xmlns=\"http:\/\/www.w3.org\/2000\/svg\"><path d=\"M464 64H48C21.49 64 0 85.49 0 112v288c0 26.51 21.49 48 48 48h416c26.51 0 48-21.49 48-48V112c0-26.51-21.49-48-48-48zm0 48v40.805c-22.422 18.259-58.168 46.651-134.587 106.49-16.841 13.247-50.201 45.072-73.413 44.701-23.208.375-56.579-31.459-73.413-44.701C106.18 199.465 70.425 171.067 48 152.805V112h416zM48 400V214.398c22.914 18.251 55.409 43.862 104.938 82.646 21.857 17.205 60.134 55.186 103.062 54.955 42.717.231 80.509-37.199 103.053-54.947 49.528-38.783 82.032-64.401 104.947-82.653V400H48z\"><\/path><\/svg>\t\t\t\t\t\t<\/span>\n\t\t\t\t\t\t\t\t\t\t<span class=\"elementor-icon-list-text\">info@turulvilla.ro<\/span>\n\t\t\t\t\t\t\t\t\t\t\t<\/a>\n\t\t\t\t\t\t\t\t\t<\/li>\n\t\t\t\t\t\t<\/ul>\n\t\t\t\t\t\t<\/div>\n\t\t\t\t<\/div>\n\t\t\t\t<\/div>\n\t\t\t\t<\/div>\n\t\t\t\t<div class=\"elementor-element elementor-element-7f94f8a elementor-widget elementor-widget-button\" data-id=\"7f94f8a\" data-element_type=\"widget\" data-e-type=\"widget\" data-widget_type=\"button.default\">\n\t\t\t\t<div class=\"elementor-widget-container\">\n\t\t\t\t\t\t\t\t\t<div class=\"elementor-button-wrapper\">\n\t\t\t\t\t<a class=\"elementor-button elementor-button-link elementor-size-md\" href=\"https:\/\/wamdev.turulvilla.ro\/ro\/rezervare\/\">\n\t\t\t\t\t\t<span class=\"elementor-button-content-wrapper\">\n\t\t\t\t\t\t\t\t\t<span class=\"elementor-button-text\">Rezervare<\/span>\n\t\t\t\t\t<\/span>\n\t\t\t\t\t<\/a>\n\t\t\t\t<\/div>\n\t\t\t\t\t\t\t\t<\/div>\n\t\t\t\t<\/div>\n\t\t\t\t<\/div>\n\t\t\t\t\t<\/div>\n\t\t\t\t<\/div>\n\t\t\t\t<\/div>\n\t\t","protected":false},"excerpt":{"rendered":"<p>Turul Villa Istoria cl\u0103dirii La \u00eenceputul secolului al XIX-lea, cele mai frumoase vile private din sta\u021biunea balnear\u0103 Sovata au fost construite pe locul v\u0103ii secate a P\u00e2r\u00e2ului de Aur, l\u00e2ng\u0103 Lacul Ursu, pe actuala Strada Trandafirilor.Vila Dessewffy, una dintre cl\u0103dirile care au dominat peisajul din Sovata, a fost construit\u0103 \u00een anul 1906 \u00een stilul romantic [&hellip;]<\/p>\n","protected":false},"author":1,"featured_media":0,"parent":0,"menu_order":0,"comment_status":"closed","ping_status":"closed","template":"elementor_header_footer","meta":{"_acf_changed":false,"footnotes":""},"class_list":["post-3071","page","type-page","status-publish","hentry"],"acf":[],"_links":{"self":[{"href":"https:\/\/wamdev.turulvilla.ro\/ro\/wp-json\/wp\/v2\/pages\/3071","targetHints":{"allow":["GET"]}}],"collection":[{"href":"https:\/\/wamdev.turulvilla.ro\/ro\/wp-json\/wp\/v2\/pages"}],"about":[{"href":"https:\/\/wamdev.turulvilla.ro\/ro\/wp-json\/wp\/v2\/types\/page"}],"author":[{"embeddable":true,"href":"https:\/\/wamdev.turulvilla.ro\/ro\/wp-json\/wp\/v2\/users\/1"}],"replies":[{"embeddable":true,"href":"https:\/\/wamdev.turulvilla.ro\/ro\/wp-json\/wp\/v2\/comments?post=3071"}],"version-history":[{"count":10,"href":"https:\/\/wamdev.turulvilla.ro\/ro\/wp-json\/wp\/v2\/pages\/3071\/revisions"}],"predecessor-version":[{"id":3980,"href":"https:\/\/wamdev.turulvilla.ro\/ro\/wp-json\/wp\/v2\/pages\/3071\/revisions\/3980"}],"wp:attachment":[{"href":"https:\/\/wamdev.turulvilla.ro\/ro\/wp-json\/wp\/v2\/media?parent=3071"}],"curies":[{"name":"wp","href":"https:\/\/api.w.org\/{rel}","templated":true}]}}